{"id":9893,"date":"2024-04-07T15:35:40","date_gmt":"2024-04-07T07:35:40","guid":{"rendered":"https:\/\/www.nuoxutech.com\/dyc-jq-diferansiyel-basinc-doldurma-vanasi\/"},"modified":"2025-04-23T18:19:51","modified_gmt":"2025-04-23T10:19:51","slug":"dyc-jq-differential-pressure-charging-valve","status":"publish","type":"product","link":"https:\/\/www.nuoxutech.com\/tr\/dyc-jq-differential-pressure-charging-valve\/","title":{"rendered":"DYC-JQ diferansiyel bas\u0131n\u00e7 doldurma vanas\u0131"},"content":{"rendered":"<div class=\"flex flex-grow flex-col max-w-full\">\n<div class=\"min-h-[20px] text-message flex flex-col items-start gap-3 whitespace-pre-wrap break-words [.text-message+&amp;]:mt-5 overflow-x-auto\" dir=\"auto\" data-message-author-role=\"assistant\" data-message-id=\"5bfc9f49-d086-401a-b53c-3402bd946844\">\n<div class=\"markdown prose w-full break-words dark:prose-invert dark\">\n<h3>DYC-JQ Serisi Elektromanyetik Vakum Diferansiyel Bas\u0131n\u00e7 \u015earj Vanas\u0131<\/h3>\n<p><img fetchpriority=\"high\" decoding=\"async\" class=\"alignnone wp-image-6546 size-medium\" src=\"https:\/\/www.nuoxutech.com\/wp-content\/uploads\/2024\/04\/newDYC-JQ-1-300x300.jpg\" alt=\"DYC-JQ diferansiyel bas\u0131n\u00e7 doldurma vanas\u0131\" width=\"300\" height=\"300\" title=\"\" srcset=\"https:\/\/www.nuoxutech.com\/wp-content\/uploads\/2024\/04\/newDYC-JQ-1-300x300.jpg 300w, https:\/\/www.nuoxutech.com\/wp-content\/uploads\/2024\/04\/newDYC-JQ-1-150x150.jpg 150w, https:\/\/www.nuoxutech.com\/wp-content\/uploads\/2024\/04\/newDYC-JQ-1-768x768.jpg 768w, https:\/\/www.nuoxutech.com\/wp-content\/uploads\/2024\/04\/newDYC-JQ-1-512x512.jpg 512w, https:\/\/www.nuoxutech.com\/wp-content\/uploads\/2024\/04\/newDYC-JQ-1-100x100.jpg 100w, https:\/\/www.nuoxutech.com\/wp-content\/uploads\/2024\/04\/newDYC-JQ-1.jpg 800w\" sizes=\"(max-width: 300px) 100vw, 300px\" \/><\/p>\n<p>DYC-JQ serisi elektromanyetik vakum diferansiyel bas\u0131n\u00e7 y\u00fckleme vanas\u0131, mekanik vakum pompalar\u0131na tak\u0131lmak \u00fczere tasarlanm\u0131\u015f \u00f6zel bir vanad\u0131r. Mekanik vakum pompas\u0131n\u0131n hava giri\u015fine konumland\u0131r\u0131lm\u0131\u015f olup, pompayla senkronize olarak \u00e7al\u0131\u015f\u0131r ve gerekti\u011finde a\u00e7\u0131l\u0131p kapan\u0131r. Bu vana, \u00f6zellikle pompa kapanmalar\u0131 veya ani g\u00fc\u00e7 kesintileri s\u0131ras\u0131nda vakum sisteminin b\u00fct\u00fcnl\u00fc\u011f\u00fcn\u00fcn korunmas\u0131nda \u00f6nemli bir rol oynar.<\/p>\n<h4>Temel \u00d6zellikler:<\/h4>\n<ol>\n<li><strong>Otomatik \u00c7al\u0131\u015fma:<\/strong> Vana, mekanik vakum pompas\u0131n\u0131n \u00e7al\u0131\u015fmas\u0131yla senkronize olarak otomatik olarak a\u00e7\u0131l\u0131p kapan\u0131r ve b\u00f6ylece kesintisiz i\u015flevsellik sa\u011flan\u0131r.<\/li>\n<li><strong>Bas\u0131n\u00e7 Fark\u0131 Alg\u0131lama:<\/strong> Vana plakas\u0131n\u0131n ne zaman kapat\u0131laca\u011f\u0131n\u0131 belirlemek i\u00e7in atmosfer ile vakum aras\u0131ndaki bas\u0131n\u00e7 fark\u0131na dayan\u0131r, vakum sistemini etkili bir \u015fekilde kapat\u0131r ve vakum derecesini korur.<\/li>\n<li><strong>Geri Ak\u0131\u015f\u0131n \u00d6nlenmesi: <\/strong>Pompan\u0131n kapanmas\u0131 veya elektrik kesintisi durumunda, valf otomatik olarak kapanarak pompa ya\u011f\u0131n\u0131n vakum sistemine geri ak\u0131\u015f\u0131n\u0131 \u00f6nler, b\u00f6ylece kirlenme \u00f6nlenir ve sistem temizli\u011fi sa\u011flan\u0131r.<\/li>\n<li><strong>Gaz Kelebe\u011fi Deli\u011fi Tasar\u0131m\u0131: <\/strong>Pompa bo\u015flu\u011funa kontroll\u00fc hava giri\u015fi sa\u011flayan, sistem bas\u0131n\u00e7land\u0131rmas\u0131na yard\u0131mc\u0131 olan ve mekanik pompan\u0131n sorunsuz bir \u015fekilde yeniden ba\u015flat\u0131lmas\u0131n\u0131 kolayla\u015ft\u0131ran bir gaz kelebe\u011fi deli\u011fine sahiptir.<\/li>\n<li><strong>Vakum Sisteminin Korunmas\u0131:<\/strong> Vakum sistemini olas\u0131 hasarlardan veya kirlenmelerden koruyarak sistem g\u00fcvenilirli\u011fini ve \u00f6mr\u00fcn\u00fc art\u0131r\u0131r.<\/li>\n<li><strong>Uygulanabilir Aktif Ortam:<\/strong> Hava ve a\u015f\u0131nd\u0131r\u0131c\u0131 olmayan gazlarla kullan\u0131ma uygundur, geni\u015f uygulama ve ortam yelpazesiyle uyumlulu\u011fu garanti eder.<\/li>\n<\/ol>\n<h4>Uygulamalar:<\/h4>\n<ul>\n<li><strong>Mekanik Vakum Pompas\u0131 Sistemleri: <\/strong>\u00c7e\u015fitli end\u00fcstriyel ve bilimsel ortamlarda mekanik vakum pompalar\u0131n\u0131n hava giri\u015flerine monte edilir.<\/li>\n<li><strong>Vakum Sistemleri Bak\u0131m\u0131: <\/strong>Pompalar\u0131n kapat\u0131lmas\u0131, elektrik kesintileri veya bak\u0131m prosed\u00fcrleri s\u0131ras\u0131nda vakum sisteminin b\u00fct\u00fcnl\u00fc\u011f\u00fcn\u00fc sa\u011flar.<\/li>\n<li><strong>Kirlenme \u00d6nleme:<\/strong> Pompa ya\u011f\u0131n\u0131n veya di\u011fer maddelerin geri ak\u0131\u015f\u0131yla vakum sisteminin kirlenmesini \u00f6nleyerek sistemin temizli\u011fini ve verimlili\u011fini korur.<\/li>\n<li><strong>Sistem Yeniden Ba\u015flatma Yard\u0131m\u0131:<\/strong> Kontroll\u00fc hava giri\u015fi sa\u011flayarak ve sistem hasar\u0131n\u0131 \u00f6nleyerek mekanik pompalar\u0131n sorunsuz bir \u015fekilde yeniden ba\u015flat\u0131lmas\u0131n\u0131 kolayla\u015ft\u0131r\u0131r.<\/li>\n<\/ul>\n<p>DYC-JQ serisi elektromanyetik vakum diferansiyel bas\u0131n\u00e7 y\u00fckleme vanas\u0131, mekanik vakum pompas\u0131 sistemlerinin g\u00fcvenilirli\u011fini, temizli\u011fini ve verimlili\u011fini sa\u011flamak i\u00e7in olmazsa olmaz bir bile\u015fendir. Otomatik \u00e7al\u0131\u015fmas\u0131, bas\u0131n\u00e7 alg\u0131lama yetenekleri ve geri ak\u0131\u015f \u00f6nleme \u00f6zellikleri onu \u00e7e\u015fitli end\u00fcstriyel ve bilimsel uygulamalarda de\u011ferli bir varl\u0131k haline getirir.<\/p>\n<div dir=\"auto\">\n<hr \/>\n<p><a href=\"https:\/\/www.nuoxutech.com\/dyc-jq-differential-pressure-charging-valve\/\">DYC-JQ <\/a>diferansiyel bas\u0131n\u00e7 doldurma vanas\u0131 hakk\u0131nda daha fazla bilgi i\u00e7in bizimle ileti\u015fime ge\u00e7in<\/p>\n<\/div>\n<div dir=\"auto\"><strong>Posta:<span style=\"color: #3366ff;\"><a style=\"color: #3366ff;\" href=\"mailto:contact@nuoxutech.com\">contact@nuoxutech.com<\/a><\/span><\/strong><\/div>\n<div dir=\"auto\"><strong>WhatsApp: <span style=\"color: #3366ff;\"><a style=\"color: #3366ff;\" href=\"https:\/\/wa.me\/message\/Z6LWLVZDXHWFD1\" rel=\"nofollow noopener\" target=\"_blank\">+86 13849062209<\/a><\/span><\/strong><\/div>\n<div dir=\"auto\"><strong>Ekibimiz size profesyonel hizmet ve destek sa\u011flamak i\u00e7in haz\u0131r.<\/strong><\/div>\n<div dir=\"auto\">\n<hr \/>\n<h4 class=\"wp-block-heading\">Anahtar kelimeler<\/h4>\n<p>vakum sistemi, nuoxutech, vakum pompas\u0131, VacuumSystem, DYC-JQ diferansiyel bas\u0131n\u00e7 doldurma vanas\u0131, bas\u0131n\u00e7 y\u00fckleme vanas\u0131, G\u00fcvenilir DYC-JQ Diferansiyel Bas\u0131n\u00e7 Kontrol Vanas\u0131, Kararl\u0131 ak\u0131\u015f kontrol performans\u0131na sahip end\u00fcstriyel s\u0131n\u0131f diferansiyel bas\u0131n\u00e7 y\u00fckleme vanas\u0131, Otomatik end\u00fcstriyel prosesler i\u00e7in \u00c7in \u00fcretimi DYC-JQ diferansiyel bas\u0131n\u00e7 vanas\u0131, Y\u00fcksek Performansl\u0131 DYC-JQ Y\u00fckleme Vanas\u0131.<\/p>\n<\/div>\n<\/div>\n<\/div>\n<\/div>\n","protected":false},"excerpt":{"rendered":"<p>DYC-JQ serisi elektromanyetik vakum diferansiyel bas\u0131n\u00e7 doldurma vanas\u0131, mekanik vakum pompas\u0131na monte edilen \u00f6zel bir vanad\u0131r.<\/p>\n","protected":false},"featured_media":8137,"template":"","meta":{"_acf_changed":false,"site-sidebar-layout":"default","site-content-layout":"","ast-site-content-layout":"default","site-content-style":"default","site-sidebar-style":"default","ast-global-header-display":"","ast-banner-title-visibility":"","ast-main-header-display":"","ast-hfb-above-header-display":"","ast-hfb-below-header-display":"","ast-hfb-mobile-header-display":"","site-post-title":"","ast-breadcrumbs-content":"","ast-featured-img":"","footer-sml-layout":"","ast-disable-related-posts":"","theme-transparent-header-meta":"default","adv-header-id-meta":"","stick-header-meta":"default","header-above-stick-meta":"","header-main-stick-meta":"","header-below-stick-meta":"","astra-migrate-meta-layouts":"set","ast-page-background-enabled":"default","ast-page-background-meta":{"desktop":{"background-color":"","background-image":"","background-repeat":"repeat","background-position":"center center","background-size":"auto","background-attachment":"scroll","background-type":"","background-media":"","overlay-type":"","overlay-color":"","overlay-opacity":"","overlay-gradient":""},"tablet":{"background-color":"","background-image":"","background-repeat":"repeat","background-position":"center center","background-size":"auto","background-attachment":"scroll","background-type":"","background-media":"","overlay-type":"","overlay-color":"","overlay-opacity":"","overlay-gradient":""},"mobile":{"background-color":"","background-image":"","background-repeat":"repeat","background-position":"center center","background-size":"auto","background-attachment":"scroll","background-type":"","background-media":"","overlay-type":"","overlay-color":"","overlay-opacity":"","overlay-gradient":""}},"ast-content-background-meta":{"desktop":{"background-color":"var(--ast-global-color-5)","background-image":"","background-repeat":"repeat","background-position":"center center","background-size":"auto","background-attachment":"scroll","background-type":"","background-media":"","overlay-type":"","overlay-color":"","overlay-opacity":"","overlay-gradient":""},"tablet":{"background-color":"var(--ast-global-color-5)","background-image":"","background-repeat":"repeat","background-position":"center center","background-size":"auto","background-attachment":"scroll","background-type":"","background-media":"","overlay-type":"","overlay-color":"","overlay-opacity":"","overlay-gradient":""},"mobile":{"background-color":"var(--ast-global-color-5)","background-image":"","background-repeat":"repeat","background-position":"center center","background-size":"auto","background-attachment":"scroll","background-type":"","background-media":"","overlay-type":"","overlay-color":"","overlay-opacity":"","overlay-gradient":""}}},"product_brand":[],"product_cat":[231],"product_tag":[],"class_list":{"0":"post-9893","1":"product","2":"type-product","3":"status-publish","4":"has-post-thumbnail","6":"product_cat-vacuum-valves-and-spare-parts-tr","7":"desktop-align-left","8":"tablet-align-left","9":"mobile-align-left","10":"ast-product-gallery-layout-horizontal","11":"ast-magnify-disabled","13":"first","14":"instock","15":"shipping-taxable","16":"product-type-simple"},"acf":[],"_links":{"self":[{"href":"https:\/\/www.nuoxutech.com\/tr\/wp-json\/wp\/v2\/product\/9893","targetHints":{"allow":["GET"]}}],"collection":[{"href":"https:\/\/www.nuoxutech.com\/tr\/wp-json\/wp\/v2\/product"}],"about":[{"href":"https:\/\/www.nuoxutech.com\/tr\/wp-json\/wp\/v2\/types\/product"}],"version-history":[{"count":3,"href":"https:\/\/www.nuoxutech.com\/tr\/wp-json\/wp\/v2\/product\/9893\/revisions"}],"predecessor-version":[{"id":9898,"href":"https:\/\/www.nuoxutech.com\/tr\/wp-json\/wp\/v2\/product\/9893\/revisions\/9898"}],"wp:featuredmedia":[{"embeddable":true,"href":"https:\/\/www.nuoxutech.com\/tr\/wp-json\/wp\/v2\/media\/8137"}],"wp:attachment":[{"href":"https:\/\/www.nuoxutech.com\/tr\/wp-json\/wp\/v2\/media?parent=9893"}],"wp:term":[{"taxonomy":"product_brand","embeddable":true,"href":"https:\/\/www.nuoxutech.com\/tr\/wp-json\/wp\/v2\/product_brand?post=9893"},{"taxonomy":"product_cat","embeddable":true,"href":"https:\/\/www.nuoxutech.com\/tr\/wp-json\/wp\/v2\/product_cat?post=9893"},{"taxonomy":"product_tag","embeddable":true,"href":"https:\/\/www.nuoxutech.com\/tr\/wp-json\/wp\/v2\/product_tag?post=9893"}],"curies":[{"name":"wp","href":"https:\/\/api.w.org\/{rel}","templated":true}]}}