{"id":9899,"date":"2024-04-07T15:56:04","date_gmt":"2024-04-07T07:56:04","guid":{"rendered":"https:\/\/www.nuoxutech.com\/gdq-pnomatik-yuksek-vakum-acili-vanalari\/"},"modified":"2025-04-23T18:29:51","modified_gmt":"2025-04-23T10:29:51","slug":"gdq-pneumatic-high-vacuum-angle-valves","status":"publish","type":"product","link":"https:\/\/www.nuoxutech.com\/tr\/gdq-pneumatic-high-vacuum-angle-valves\/","title":{"rendered":"GDQ pn\u00f6matik y\u00fcksek vakum a\u00e7\u0131l\u0131 vanalar\u0131"},"content":{"rendered":"<h3>GDQ Pn\u00f6matik Y\u00fcksek Vakum A\u00e7\u0131 Vanalar\u0131 (Deflekt\u00f6r Vanalar\u0131)<\/h3>\n<p><img fetchpriority=\"high\" decoding=\"async\" class=\"alignnone wp-image-6550 size-medium\" src=\"https:\/\/www.nuoxutech.com\/wp-content\/uploads\/2024\/04\/newGDQnew-183x300.jpg\" alt=\"GDQ pn\u00f6matik y\u00fcksek vakum a\u00e7\u0131l\u0131 vanalar\u0131\" width=\"183\" height=\"300\" title=\"\" srcset=\"https:\/\/www.nuoxutech.com\/wp-content\/uploads\/2024\/04\/newGDQnew-183x300.jpg 183w, https:\/\/www.nuoxutech.com\/wp-content\/uploads\/2024\/04\/newGDQnew-624x1024.jpg 624w, https:\/\/www.nuoxutech.com\/wp-content\/uploads\/2024\/04\/newGDQnew-768x1261.jpg 768w, https:\/\/www.nuoxutech.com\/wp-content\/uploads\/2024\/04\/newGDQnew-935x1536.jpg 935w, https:\/\/www.nuoxutech.com\/wp-content\/uploads\/2024\/04\/newGDQnew-300x493.jpg 300w, https:\/\/www.nuoxutech.com\/wp-content\/uploads\/2024\/04\/newGDQnew-512x841.jpg 512w, https:\/\/www.nuoxutech.com\/wp-content\/uploads\/2024\/04\/newGDQnew.jpg 1039w\" sizes=\"(max-width: 183px) 100vw, 183px\" \/><\/p>\n<h4>GDQ pn\u00f6matik y\u00fcksek vakumlu melek vanas\u0131 Giri\u015f:<\/h4>\n<p style=\"padding-left: 40px;\">GDQ pn\u00f6matik y\u00fcksek vakum melek vanas\u0131, a\u00e7\u0131l\u0131 vana olarak da bilinir, g\u00f6vdeyi yukar\u0131 ve a\u015fa\u011f\u0131 hareket ettirerek vana plakas\u0131n\u0131 a\u00e7mak veya kapatmak i\u00e7in tasarlanm\u0131\u015ft\u0131r. Bu eylem, vanan\u0131n bir vakum sistemi i\u00e7indeki ak\u0131\u015f\u0131 ba\u011flamas\u0131n\u0131 veya kesmesini sa\u011flar. GDQ-j tipi bir k\u00f6\u015fe ge\u00e7i\u015f tasar\u0131m\u0131na sahipken, GDQ-s modeli \u00f6n pompalama tipi ba\u011flant\u0131lar i\u00e7in bir a\u011f\u0131zla donat\u0131lm\u0131\u015ft\u0131r. Bu vana hava ve a\u015f\u0131nd\u0131r\u0131c\u0131 olmayan gazlarla kullan\u0131m i\u00e7in uygundur.<\/p>\n<h4>GDQ pn\u00f6matik y\u00fcksek vakumlu melek vanas\u0131 Uygulamalar\u0131:<\/h4>\n<ul>\n<li><strong>Vakum Sistemleri: <\/strong>Y\u00fcksek vakum sistemlerinde ak\u0131\u015f\u0131n ba\u011flanmas\u0131 veya kesilmesi, sistem \u00e7al\u0131\u015fmas\u0131 s\u0131ras\u0131nda vakum b\u00fct\u00fcnl\u00fc\u011f\u00fcn\u00fcn korunmas\u0131 amac\u0131yla kullan\u0131l\u0131r.<\/li>\n<li><strong>Laboratuvar Ekipmanlar\u0131: <\/strong>Vakum odalar\u0131ndaki gaz ak\u0131\u015f\u0131n\u0131 kontrol etmek i\u00e7in laboratuvar d\u00fczeneklerinde, deney cihazlar\u0131nda ve analitik cihazlarda kullan\u0131l\u0131r.<\/li>\n<li><strong>Yar\u0131 \u0130letken \u00dcretimi: <\/strong>Temiz ve kontroll\u00fc ortamlar\u0131n korunmas\u0131 i\u00e7in hassas vakum kontrol\u00fcn\u00fcn \u00f6nemli oldu\u011fu yar\u0131 iletken \u00fcretim s\u00fcre\u00e7lerinde kullan\u0131l\u0131r.<\/li>\n<li><strong>\u0130nce Film Biriktirme:<\/strong> \u0130nce film kaplama uygulamalar\u0131 i\u00e7in fiziksel buhar biriktirme (PVD) ve kimyasal buhar biriktirme (CVD) proseslerinde kullan\u0131l\u0131r.<\/li>\n<li><strong>Ara\u015ft\u0131rma ve Geli\u015ftirme: <\/strong>Y\u00fcksek vakum ko\u015fullar\u0131 gerektiren deney ve testler i\u00e7in ara\u015ft\u0131rma tesislerinde ve Ar-Ge laboratuvarlar\u0131nda kullan\u0131l\u0131r.<\/li>\n<\/ul>\n<div class=\"flex flex-grow flex-col max-w-full\">\n<div class=\"min-h-[20px] text-message flex flex-col items-start gap-3 whitespace-pre-wrap break-words [.text-message+&amp;]:mt-5 overflow-x-auto\" dir=\"auto\" data-message-author-role=\"assistant\" data-message-id=\"385394fa-9ef0-4eae-a895-09353e84a80e\">\n<div class=\"markdown prose w-full break-words dark:prose-invert dark\">\n<p>GDQ pn\u00f6matik y\u00fcksek vakumlu melek vanas\u0131, y\u00fcksek vakumlu ortamlarda hassas kontrol ve g\u00fcvenilir performans sunar. Sa\u011flam yap\u0131s\u0131, s\u0131zd\u0131rmaz tasar\u0131m\u0131 ve \u00e7e\u015fitli ortamlarla uyumlulu\u011fu, onu \u00e7ok \u00e7e\u015fitli end\u00fcstriyel ve bilimsel uygulamalarda de\u011ferli bir bile\u015fen haline getirir.<\/p>\n<p><img decoding=\"async\" class=\"alignnone wp-image-6613 size-full\" src=\"https:\/\/www.nuoxutech.com\/wp-content\/uploads\/2024\/07\/ALL-e1727261163701.jpg\" alt=\"GDQ pn\u00f6matik y\u00fcksek vakum a\u00e7\u0131l\u0131 vanalar\u0131\" width=\"400\" height=\"600\" title=\"\"><\/p>\n<\/div>\n<\/div>\n<\/div>\n<div class=\"mt-1 flex gap-3 empty:hidden\">\n<div class=\"text-gray-400 flex self-end lg:self-center items-center justify-center lg:justify-start mt-0 -ml-1 h-7 gap-[2px] invisible\">\n<div dir=\"auto\">\n<hr \/>\n<p><a href=\"https:\/\/www.nuoxutech.com\/gdq-pneumatic-high-vacuum-angle-valves\/\">GDQ<\/a> pn\u00f6matik y\u00fcksek vakum a\u00e7\u0131l\u0131 vanalar\u0131 hakk\u0131nda daha fazla bilgi i\u00e7in bizimle ileti\u015fime ge\u00e7in<\/p>\n<\/div>\n<div dir=\"auto\"><strong>Posta:<span style=\"color: #3366ff;\"><a style=\"color: #3366ff;\" href=\"mailto:contact@nuoxutech.com\">contact@nuoxutech.com<\/a><\/span><\/strong><\/div>\n<div dir=\"auto\"><strong>WhatsApp: <span style=\"color: #3366ff;\"><a style=\"color: #3366ff;\" href=\"https:\/\/wa.me\/message\/Z6LWLVZDXHWFD1\" rel=\"nofollow noopener\" target=\"_blank\">+86 13849062209<\/a><\/span><\/strong><\/div>\n<div dir=\"auto\"><strong>Ekibimiz size profesyonel hizmet ve destek sa\u011flamak i\u00e7in haz\u0131r.<\/strong><\/div>\n<div dir=\"auto\">\n<hr \/>\n<h4 class=\"wp-block-heading\">Anahtar kelimeler<\/h4>\n<p>vakum sistemi, nuoxutech, vakum pompas\u0131, VacuumSystem, GDQ pn\u00f6matik y\u00fcksek vakum a\u00e7\u0131l\u0131 vanalar\u0131, GDQ pn\u00f6matik y\u00fcksek vakum a\u00e7\u0131l\u0131 vanalar\u0131, Pn\u00f6matik Y\u00fcksek Vakum A\u00e7\u0131l\u0131 Vanalar, GDQ Serisi Vakum A\u00e7\u0131l\u0131 Vanalar, Y\u00fcksek Vakumlu Pn\u00f6matik A\u00e7\u0131l\u0131 Vanalar, Vakum Sistemi Pn\u00f6matik A\u00e7\u0131l\u0131 Vanalar.<\/p>\n<\/div>\n<\/div>\n<\/div>\n","protected":false},"excerpt":{"rendered":"<p>GDQ pn\u00f6matik y\u00fcksek vakum a\u00e7\u0131l\u0131 valfleri, solenoid valf arac\u0131l\u0131\u011f\u0131yla bas\u0131n\u00e7l\u0131 hava ile tahrik edilen Gaibian pn\u00f6matik direksiyonu, pistonun yukar\u0131 ve a\u015fa\u011f\u0131 hareket etmesini sa\u011flar<\/p>\n","protected":false},"featured_media":8140,"template":"","meta":{"_acf_changed":false,"site-sidebar-layout":"default","site-content-layout":"","ast-site-content-layout":"default","site-content-style":"default","site-sidebar-style":"default","ast-global-header-display":"","ast-banner-title-visibility":"","ast-main-header-display":"","ast-hfb-above-header-display":"","ast-hfb-below-header-display":"","ast-hfb-mobile-header-display":"","site-post-title":"","ast-breadcrumbs-content":"","ast-featured-img":"","footer-sml-layout":"","ast-disable-related-posts":"","theme-transparent-header-meta":"default","adv-header-id-meta":"","stick-header-meta":"default","header-above-stick-meta":"","header-main-stick-meta":"","header-below-stick-meta":"","astra-migrate-meta-layouts":"set","ast-page-background-enabled":"default","ast-page-background-meta":{"desktop":{"background-color":"","background-image":"","background-repeat":"repeat","background-position":"center center","background-size":"auto","background-attachment":"scroll","background-type":"","background-media":"","overlay-type":"","overlay-color":"","overlay-opacity":"","overlay-gradient":""},"tablet":{"background-color":"","background-image":"","background-repeat":"repeat","background-position":"center center","background-size":"auto","background-attachment":"scroll","background-type":"","background-media":"","overlay-type":"","overlay-color":"","overlay-opacity":"","overlay-gradient":""},"mobile":{"background-color":"","background-image":"","background-repeat":"repeat","background-position":"center center","background-size":"auto","background-attachment":"scroll","background-type":"","background-media":"","overlay-type":"","overlay-color":"","overlay-opacity":"","overlay-gradient":""}},"ast-content-background-meta":{"desktop":{"background-color":"var(--ast-global-color-5)","background-image":"","background-repeat":"repeat","background-position":"center center","background-size":"auto","background-attachment":"scroll","background-type":"","background-media":"","overlay-type":"","overlay-color":"","overlay-opacity":"","overlay-gradient":""},"tablet":{"background-color":"var(--ast-global-color-5)","background-image":"","background-repeat":"repeat","background-position":"center center","background-size":"auto","background-attachment":"scroll","background-type":"","background-media":"","overlay-type":"","overlay-color":"","overlay-opacity":"","overlay-gradient":""},"mobile":{"background-color":"var(--ast-global-color-5)","background-image":"","background-repeat":"repeat","background-position":"center center","background-size":"auto","background-attachment":"scroll","background-type":"","background-media":"","overlay-type":"","overlay-color":"","overlay-opacity":"","overlay-gradient":""}}},"product_brand":[],"product_cat":[231],"product_tag":[],"class_list":{"0":"post-9899","1":"product","2":"type-product","3":"status-publish","4":"has-post-thumbnail","6":"product_cat-vacuum-valves-and-spare-parts-tr","7":"desktop-align-left","8":"tablet-align-left","9":"mobile-align-left","10":"ast-product-gallery-layout-horizontal","11":"ast-magnify-disabled","13":"first","14":"instock","15":"shipping-taxable","16":"product-type-simple"},"acf":[],"_links":{"self":[{"href":"https:\/\/www.nuoxutech.com\/tr\/wp-json\/wp\/v2\/product\/9899","targetHints":{"allow":["GET"]}}],"collection":[{"href":"https:\/\/www.nuoxutech.com\/tr\/wp-json\/wp\/v2\/product"}],"about":[{"href":"https:\/\/www.nuoxutech.com\/tr\/wp-json\/wp\/v2\/types\/product"}],"version-history":[{"count":2,"href":"https:\/\/www.nuoxutech.com\/tr\/wp-json\/wp\/v2\/product\/9899\/revisions"}],"predecessor-version":[{"id":9901,"href":"https:\/\/www.nuoxutech.com\/tr\/wp-json\/wp\/v2\/product\/9899\/revisions\/9901"}],"wp:featuredmedia":[{"embeddable":true,"href":"https:\/\/www.nuoxutech.com\/tr\/wp-json\/wp\/v2\/media\/8140"}],"wp:attachment":[{"href":"https:\/\/www.nuoxutech.com\/tr\/wp-json\/wp\/v2\/media?parent=9899"}],"wp:term":[{"taxonomy":"product_brand","embeddable":true,"href":"https:\/\/www.nuoxutech.com\/tr\/wp-json\/wp\/v2\/product_brand?post=9899"},{"taxonomy":"product_cat","embeddable":true,"href":"https:\/\/www.nuoxutech.com\/tr\/wp-json\/wp\/v2\/product_cat?post=9899"},{"taxonomy":"product_tag","embeddable":true,"href":"https:\/\/www.nuoxutech.com\/tr\/wp-json\/wp\/v2\/product_tag?post=9899"}],"curies":[{"name":"wp","href":"https:\/\/api.w.org\/{rel}","templated":true}]}}