{"id":9981,"date":"2024-06-17T15:13:20","date_gmt":"2024-06-17T07:13:20","guid":{"rendered":"https:\/\/www.nuoxutech.com\/lgb-kuru-vida-vakum-pompasi\/"},"modified":"2025-04-24T15:36:07","modified_gmt":"2025-04-24T07:36:07","slug":"lgb-dry-screw-vacuum-pump","status":"publish","type":"product","link":"https:\/\/www.nuoxutech.com\/tr\/lgb-dry-screw-vacuum-pump\/","title":{"rendered":"LGB Kuru Vida Vakum Pompas\u0131"},"content":{"rendered":"<div class=\"flex flex-grow flex-col max-w-full\">\n<div class=\"min-h-[20px] text-message flex flex-col items-start gap-3 whitespace-pre-wrap break-words [.text-message+&amp;]:mt-5 overflow-x-auto\" dir=\"auto\" data-message-author-role=\"assistant\" data-message-id=\"4bc61042-dc6f-4207-bd80-0280c92dd58d\">\n<div class=\"markdown prose w-full break-words dark:prose-invert dark\">\n<h3>LGB Kuru Vida Vakum Pompalar\u0131n\u0131n \u00dcst\u00fcnl\u00fc\u011f\u00fcn\u00fc Ke\u015ffedin: Geli\u015fmi\u015f \u00d6zellikler ve Uygulamalar<\/h3>\n<h4>Girii\u015f:<\/h4>\n<p>LG vida vakum pompas\u0131 sabit u\u00e7lu vidal\u0131 vakum pompas\u0131d\u0131r; LGB vidal\u0131 vakum pompas\u0131 de\u011fi\u015fken u\u00e7lu vidal\u0131 pompad\u0131r LGB kuru vidal\u0131 pompalar, benzersiz performans ve \u00e7evresel s\u00fcrd\u00fcr\u00fclebilirlik sunarak vakum pompas\u0131 teknolojisinde \u00e7\u0131\u011f\u0131r a\u00e7an bir yenili\u011fi temsil eder. Geleneksel vakum pompas\u0131 tasar\u0131mlar\u0131n\u0131n aksine, LGB kuru vidal\u0131 pompalar ya\u011f veya su ihtiyac\u0131n\u0131 ortadan kald\u0131rarak, kal\u0131nt\u0131 b\u0131rakmadan yo\u011funla\u015fabilir buharlar\u0131 ve kat\u0131lar\u0131 y\u00f6netmek i\u00e7in idealdir. Temiz \u00e7al\u0131\u015fmalar\u0131 ve \u00e7evre dostu tasar\u0131mlar\u0131, onlar\u0131 \u00e7e\u015fitli end\u00fcstriler i\u00e7in tercih edilen bir se\u00e7im haline getirir.<\/p>\n<h4>Avantajlar\u0131:<\/h4>\n<ol>\n<li><strong>Ya\u011f ve Sudan Ar\u0131nd\u0131r\u0131lm\u0131\u015f \u00c7al\u0131\u015fma:<\/strong>\n<ul>\n<li>Kuru \u00e7al\u0131\u015fma ile elde edilen temiz vakum, i\u015flem s\u0131ras\u0131nda ya\u011f veya su kontaminasyonu riskini ortadan kald\u0131r\u0131r.<\/li>\n<\/ul>\n<\/li>\n<li><strong>\u00dcst\u00fcn Vakum Performans\u0131:<\/strong>\n<ul>\n<li>2 Pa (50 Hz) ve 1 Pa (60 Hz) kadar d\u00fc\u015f\u00fck nihai vakum seviyelerine ula\u015fabilme \u00f6zelli\u011fi sayesinde verimli buhar \u00e7\u0131karma ve i\u015fleme olana\u011f\u0131 sa\u011flar.<\/li>\n<\/ul>\n<\/li>\n<li><strong>Sessiz \u00c7al\u0131\u015fma:<\/strong>\n<ul>\n<li>\u00d6zel susturucularla donat\u0131lan kuru vidal\u0131 pompalar sessiz \u00e7al\u0131\u015farak g\u00fcr\u00fclt\u00fcy\u00fc en aza indirir ve elveri\u015fli bir \u00e7al\u0131\u015fma ortam\u0131 sa\u011flar.<\/li>\n<\/ul>\n<\/li>\n<li><strong>Uzun Pompa \u00d6mr\u00fc:<\/strong>\n<ul>\n<li>Vida ile g\u00f6vde aras\u0131ndaki temass\u0131z tasar\u0131m, metal-metal temas\u0131n\u0131 \u00f6nleyerek pompan\u0131n \u00f6mr\u00fcn\u00fcn uzamas\u0131n\u0131 ve g\u00fcvenilir performans sa\u011flamay\u0131 garanti eder.<\/li>\n<\/ul>\n<\/li>\n<li><strong>Basit Bak\u0131m:<\/strong>\n<ul>\n<li>D\u00fcz tasar\u0131ml\u0131 kuru vidal\u0131 pompalar, kolay bak\u0131m prosed\u00fcrleri sunarak duru\u015f s\u00fcrelerini azalt\u0131r ve \u00fcretkenli\u011fi optimize eder.<\/li>\n<\/ul>\n<\/li>\n<\/ol>\n<h4>Uygulamalar:<\/h4>\n<p>LGB kuru vidal\u0131 pompalar, a\u015fa\u011f\u0131dakiler de dahil olmak \u00fczere \u00e7e\u015fitli end\u00fcstrilerde \u00e7ok y\u00f6nl\u00fc uygulamalara sahiptir:<\/p>\n<ul>\n<li style=\"list-style-type: none;\">\n<ul>\n<li>Kimyasal ve \u0130la\u00e7 \u0130\u015fleme<\/li>\n<li>\u00c7\u00f6z\u00fcc\u00fc Geri Kazan\u0131m\u0131<\/li>\n<li>Kristalle\u015fme<\/li>\n<li>Buhar Kaplama<\/li>\n<li>Petrol \u0130\u015fleme<\/li>\n<\/ul>\n<\/li>\n<\/ul>\n<p><strong>Roots vidal\u0131 vakum \u00fcnitemizin kimyasal tesis sahalar\u0131ndaki uygulamas\u0131d\u0131r.<\/strong><\/p>\n<p>\u00dcnite esas olarak Roots vakum pompas\u0131, vidal\u0131 pompa, susturucu vb.&#8217;den olu\u015fmaktad\u0131r. Sistemin temas k\u0131sm\u0131nda ya\u011f ve gaz kirlili\u011fi olmayan ve egzoz g\u00f6vdesi taraf\u0131ndan merkezi olarak i\u015flenmesi veya geri d\u00f6n\u00fc\u015ft\u00fcr\u00fclmesi kolay olan kuru vakum pompas\u0131na aittir.<\/p>\n<p><a href=\"https:\/\/www.nuoxutech.com\/lg-dry-screw-vacuum-pump\/\"><img fetchpriority=\"high\" decoding=\"async\" class=\"alignnone wp-image-6345 size-large\" src=\"https:\/\/www.nuoxutech.com\/wp-content\/uploads\/2024\/04\/LG2-768x1024.jpg\" alt=\"LGB Kuru Vida Vakum Pompas\u0131\" width=\"768\" height=\"1024\" title=\"\" srcset=\"https:\/\/www.nuoxutech.com\/wp-content\/uploads\/2024\/04\/LG2-768x1024.jpg 768w, https:\/\/www.nuoxutech.com\/wp-content\/uploads\/2024\/04\/LG2-225x300.jpg 225w, https:\/\/www.nuoxutech.com\/wp-content\/uploads\/2024\/04\/LG2-300x400.jpg 300w, https:\/\/www.nuoxutech.com\/wp-content\/uploads\/2024\/04\/LG2-512x682.jpg 512w, https:\/\/www.nuoxutech.com\/wp-content\/uploads\/2024\/04\/LG2.jpg 1000w\" sizes=\"(max-width: 768px) 100vw, 768px\" \/><\/a><\/p>\n<p>Kuru vidal\u0131 vakum pompalar\u0131n\u0131n geli\u015fmi\u015f \u00f6zellikleri ve \u00fcst\u00fcn performans\u0131yla vakum proseslerinizi y\u00fckseltin. Modern end\u00fcstriyel uygulamalar\u0131n taleplerini kar\u015f\u0131lamak \u00fczere tasarlanm\u0131\u015f temiz, verimli ve g\u00fcvenilir vakum operasyonlar\u0131n\u0131n faydalar\u0131n\u0131 ke\u015ffedin.<\/p>\n<\/div>\n<\/div>\n<\/div>\n<div class=\"mt-1 flex gap-3 empty:hidden\">\n<div class=\"text-gray-400 flex self-end lg:self-center items-center justify-center lg:justify-start mt-0 -ml-1 h-7 gap-[2px] invisible\">\n<div dir=\"auto\">\n<hr \/>\n<p>LGB kuru vida vakum pompalar\u0131 hakk\u0131nda daha fazla bilgi i\u00e7in bizimle ileti\u015fime ge\u00e7in<\/p>\n<\/div>\n<div dir=\"auto\"><strong>Posta:<a href=\"mailto:contact@nuoxutech.com\">contact@nuoxutech.com<\/a><\/strong><\/div>\n<div dir=\"auto\"><strong>WhatsApp: <a href=\"https:\/\/wa.me\/message\/Z6LWLVZDXHWFD1\" rel=\"nofollow noopener\" target=\"_blank\">+86 13849062209<\/a><\/strong><\/div>\n<div dir=\"auto\">\n<div dir=\"auto\"><strong>Ekibimiz size profesyonel hizmet ve destek sa\u011flamak i\u00e7in haz\u0131r.<\/strong><\/div>\n<div dir=\"auto\">\n<hr \/>\n<h4 class=\"wp-block-heading\">Anahtar kelimeler<\/h4>\n<p>vakum sistemi,nuoxutech, vakum pompas\u0131, VacuumSystem, Vida Vakum Pompas\u0131, LG\/LGB vida vakum pompas\u0131, Enerji Tasarruflu Kuru Vida Vakum Teknolojisi, Temiz \u00fcretim ortamlar\u0131 i\u00e7in g\u00fcvenilir ve ya\u011fs\u0131z kuru vida vakum pompas\u0131, Yar\u0131 iletken ve ila\u00e7 uygulamalar\u0131 i\u00e7in \u00c7in \u00fcretimi kuru vida vakum pompas\u0131, Geli\u015fmi\u015f enerji tasarrufu teknolojisine sahip end\u00fcstriyel s\u0131n\u0131f kuru vakum pompas\u0131<\/p>\n<\/div>\n<\/div>\n<\/div>\n<\/div>\n","protected":false},"excerpt":{"rendered":"<p>LGB kuru vida vakum pompalar\u0131 De\u011fi\u015fken vidal\u0131 vakum pompas\u0131 \u00f6zellikleri: rotor yap\u0131s\u0131 daha karma\u015f\u0131kt\u0131r, daha y\u00fcksek hassasiyet gereksinimleri vard\u0131r, rotor i\u015fleme daha zordur, i\u015fleme s\u00fcresi daha uzundur; ayn\u0131 zamanda, de\u011fi\u015fken vidal\u0131 vakum pompas\u0131 daha d\u00fc\u015f\u00fck \u00e7al\u0131\u015fma g\u00fcc\u00fcne, daha d\u00fc\u015f\u00fck g\u00fcr\u00fclt\u00fcye ve daha d\u00fc\u015f\u00fck pompa \u00e7al\u0131\u015fma s\u0131cakl\u0131\u011f\u0131na sahiptir.<\/p>\n","protected":false},"featured_media":12343,"template":"","meta":{"_acf_changed":false,"site-sidebar-layout":"default","site-content-layout":"","ast-site-content-layout":"default","site-content-style":"default","site-sidebar-style":"default","ast-global-header-display":"","ast-banner-title-visibility":"","ast-main-header-display":"","ast-hfb-above-header-display":"","ast-hfb-below-header-display":"","ast-hfb-mobile-header-display":"","site-post-title":"","ast-breadcrumbs-content":"","ast-featured-img":"","footer-sml-layout":"","ast-disable-related-posts":"","theme-transparent-header-meta":"default","adv-header-id-meta":"","stick-header-meta":"default","header-above-stick-meta":"","header-main-stick-meta":"","header-below-stick-meta":"","astra-migrate-meta-layouts":"set","ast-page-background-enabled":"default","ast-page-background-meta":{"desktop":{"background-color":"","background-image":"","background-repeat":"repeat","background-position":"center center","background-size":"auto","background-attachment":"scroll","background-type":"","background-media":"","overlay-type":"","overlay-color":"","overlay-opacity":"","overlay-gradient":""},"tablet":{"background-color":"","background-image":"","background-repeat":"repeat","background-position":"center center","background-size":"auto","background-attachment":"scroll","background-type":"","background-media":"","overlay-type":"","overlay-color":"","overlay-opacity":"","overlay-gradient":""},"mobile":{"background-color":"","background-image":"","background-repeat":"repeat","background-position":"center center","background-size":"auto","background-attachment":"scroll","background-type":"","background-media":"","overlay-type":"","overlay-color":"","overlay-opacity":"","overlay-gradient":""}},"ast-content-background-meta":{"desktop":{"background-color":"var(--ast-global-color-5)","background-image":"","background-repeat":"repeat","background-position":"center center","background-size":"auto","background-attachment":"scroll","background-type":"","background-media":"","overlay-type":"","overlay-color":"","overlay-opacity":"","overlay-gradient":""},"tablet":{"background-color":"var(--ast-global-color-5)","background-image":"","background-repeat":"repeat","background-position":"center center","background-size":"auto","background-attachment":"scroll","background-type":"","background-media":"","overlay-type":"","overlay-color":"","overlay-opacity":"","overlay-gradient":""},"mobile":{"background-color":"var(--ast-global-color-5)","background-image":"","background-repeat":"repeat","background-position":"center center","background-size":"auto","background-attachment":"scroll","background-type":"","background-media":"","overlay-type":"","overlay-color":"","overlay-opacity":"","overlay-gradient":""}}},"product_brand":[],"product_cat":[225],"product_tag":[],"class_list":{"0":"post-9981","1":"product","2":"type-product","3":"status-publish","4":"has-post-thumbnail","6":"product_cat-dry-vacuum-pumps-tr","7":"desktop-align-left","8":"tablet-align-left","9":"mobile-align-left","10":"ast-product-gallery-layout-horizontal","11":"ast-magnify-disabled","13":"first","14":"instock","15":"featured","16":"shipping-taxable","17":"product-type-simple"},"acf":[],"_links":{"self":[{"href":"https:\/\/www.nuoxutech.com\/tr\/wp-json\/wp\/v2\/product\/9981","targetHints":{"allow":["GET"]}}],"collection":[{"href":"https:\/\/www.nuoxutech.com\/tr\/wp-json\/wp\/v2\/product"}],"about":[{"href":"https:\/\/www.nuoxutech.com\/tr\/wp-json\/wp\/v2\/types\/product"}],"version-history":[{"count":4,"href":"https:\/\/www.nuoxutech.com\/tr\/wp-json\/wp\/v2\/product\/9981\/revisions"}],"predecessor-version":[{"id":9985,"href":"https:\/\/www.nuoxutech.com\/tr\/wp-json\/wp\/v2\/product\/9981\/revisions\/9985"}],"wp:featuredmedia":[{"embeddable":true,"href":"https:\/\/www.nuoxutech.com\/tr\/wp-json\/wp\/v2\/media\/12343"}],"wp:attachment":[{"href":"https:\/\/www.nuoxutech.com\/tr\/wp-json\/wp\/v2\/media?parent=9981"}],"wp:term":[{"taxonomy":"product_brand","embeddable":true,"href":"https:\/\/www.nuoxutech.com\/tr\/wp-json\/wp\/v2\/product_brand?post=9981"},{"taxonomy":"product_cat","embeddable":true,"href":"https:\/\/www.nuoxutech.com\/tr\/wp-json\/wp\/v2\/product_cat?post=9981"},{"taxonomy":"product_tag","embeddable":true,"href":"https:\/\/www.nuoxutech.com\/tr\/wp-json\/wp\/v2\/product_tag?post=9981"}],"curies":[{"name":"wp","href":"https:\/\/api.w.org\/{rel}","templated":true}]}}