{"id":9994,"date":"2024-04-07T16:29:19","date_gmt":"2024-04-07T08:29:19","guid":{"rendered":"https:\/\/www.nuoxutech.com\/paslanmaz-celik-korukler\/"},"modified":"2025-04-25T18:02:10","modified_gmt":"2025-04-25T10:02:10","slug":"stainless-steel-bellows","status":"publish","type":"product","link":"https:\/\/www.nuoxutech.com\/tr\/stainless-steel-bellows\/","title":{"rendered":"Paslanmaz \u00c7elik K\u00f6r\u00fckler"},"content":{"rendered":"<div class=\"flex flex-grow flex-col max-w-full\">\n<div class=\"min-h-[20px] text-message flex flex-col items-start gap-3 whitespace-pre-wrap break-words [.text-message+&amp;]:mt-5 overflow-x-auto\" dir=\"auto\" data-message-author-role=\"assistant\" data-message-id=\"1aa401ea-c273-4a26-aaa2-da973848fee6\">\n<div class=\"markdown prose w-full break-words dark:prose-invert dark\">\n<h3>Vakum Uygulamalar\u0131 i\u00e7in Paslanmaz \u00c7elik K\u00f6r\u00fckler<\/h3>\n<p><img fetchpriority=\"high\" decoding=\"async\" class=\"alignnone wp-image-6571 size-medium\" src=\"https:\/\/www.nuoxutech.com\/wp-content\/uploads\/2024\/04\/NewSpareParts-300x218.jpg\" alt=\"Paslanmaz \u00c7elik K\u00f6r\u00fckler\" width=\"300\" height=\"218\" title=\"\" srcset=\"https:\/\/www.nuoxutech.com\/wp-content\/uploads\/2024\/04\/NewSpareParts-300x218.jpg 300w, https:\/\/www.nuoxutech.com\/wp-content\/uploads\/2024\/04\/NewSpareParts-512x372.jpg 512w, https:\/\/www.nuoxutech.com\/wp-content\/uploads\/2024\/04\/NewSpareParts.jpg 734w\" sizes=\"(max-width: 300px) 100vw, 300px\" \/><\/p>\n<p>Paslanmaz \u00e7elik k\u00f6r\u00fckler, standart d\u00fcz hatl\u0131 vakum tesisat\u0131n\u0131n pratik olmad\u0131\u011f\u0131 veya titre\u015fim izolasyonunun gerekli oldu\u011fu senaryolar i\u00e7in ideal bir \u00e7\u00f6z\u00fcmd\u00fcr. \u0130ki tip k\u00f6r\u00fck sunuyoruz: esnek hortumlar ve esnek k\u00f6r\u00fck ba\u011flant\u0131lar\u0131.<\/p>\n<p style=\"padding-left: 40px;\"><strong>1. Esnek Hortumlar:<\/strong> Vakumlu esnek hortum yelpazemiz, farkl\u0131 uygulamalar i\u00e7in tasarlanm\u0131\u015f \u00e7e\u015fitli tipte esnek metal hortumlar\u0131 i\u00e7erir:<\/p>\n<ul>\n<li style=\"list-style-type: none;\">\n<ul>\n<li>KF \/ CF \/ ISO Flan\u015f Tipi: KF, CF ve ISO flan\u015f sistemleriyle uyumludur, vakum sistemi kurulumlar\u0131nda \u00e7ok y\u00f6nl\u00fcl\u00fck sa\u011flar.<\/li>\n<li>\u00d6rg\u00fcl\u00fc Kapak: Geli\u015fmi\u015f dayan\u0131kl\u0131l\u0131k ve mekanik hasara kar\u015f\u0131 koruma i\u00e7in \u00f6rg\u00fcl\u00fc bir kapa\u011fa sahiptir.<\/li>\n<li>Tek Flan\u015fl\u0131 D\u00f6nd\u00fcr\u00fclebilir: Vakum boru hatlar\u0131nda montaj ve hizalama kolayl\u0131\u011f\u0131 i\u00e7in tek bir d\u00f6nd\u00fcr\u00fclebilir flan\u015fla tasarlanm\u0131\u015ft\u0131r.<\/li>\n<\/ul>\n<\/li>\n<\/ul>\n<p style=\"padding-left: 40px;\">Bu vakum esnek hortumlar\u0131, mekanik pompa boru hatlar\u0131nda kullan\u0131ma uygundur ve vakum sistemi yap\u0131land\u0131rmalar\u0131nda esneklik ve g\u00fcvenilirlik sunar.<\/p>\n<p style=\"padding-left: 40px;\"><strong>2. Esnek K\u00f6r\u00fck Ba\u011flant\u0131lar\u0131:<\/strong> \u00c7e\u015fitli kurulum gereksinimlerine uyum sa\u011flamak i\u00e7in b\u00fck\u00fclebilen ve s\u0131k\u0131\u015ft\u0131r\u0131labilen KF s\u0131k\u0131\u015ft\u0131r\u0131labilir k\u00f6r\u00fck ba\u011flant\u0131lar\u0131 sunuyoruz. Bu k\u00f6r\u00fck ba\u011flant\u0131lar\u0131 genellikle \u00f6n hat vakum tesisat\u0131 ve basit y\u00fcksek vakum (HV) hazne portlar\u0131 i\u00e7in kullan\u0131l\u0131r. Bunlar, zorlu vakum ortamlar\u0131nda esneklik ve g\u00fcvenilirlik sa\u011flayarak ultra y\u00fcksek vakum uygulamalar\u0131 i\u00e7in end\u00fcstri standard\u0131d\u0131r.<\/p>\n<h4>Uygulamalar:<\/h4>\n<ul>\n<li><strong>Foreline Vacuum Plumbing: <\/strong>Used to connect vacuum pumps to process chambers or other components in vacuum systems.<\/li>\n<li><strong>Y\u00fcksek Vakum (HV) Hazne Ba\u011flant\u0131 Noktalar\u0131:<\/strong> Vakum ekipmanlar\u0131na esnek bir ba\u011flant\u0131 sa\u011flamak amac\u0131yla vakum haznelerine tak\u0131l\u0131r.<\/li>\n<li><strong>Ultra Y\u00fcksek Vakum Uygulamalar\u0131:<\/strong> Hassas vakum kontrol\u00fc ve g\u00fcvenilirli\u011fin \u00f6nemli oldu\u011fu ultra y\u00fcksek vakum ortamlar\u0131nda kullan\u0131ma uygundur.<\/li>\n<\/ul>\n<p>Paslanmaz \u00e7elik k\u00f6r\u00fcklerimiz vakum uygulamalar\u0131nda dayan\u0131kl\u0131l\u0131k, esneklik ve g\u00fcvenilirlik sunarak zorlu vakum sistemi yap\u0131land\u0131rmalar\u0131 ve ortamlar\u0131 i\u00e7in etkili bir \u00e7\u00f6z\u00fcm sa\u011flar.<\/p>\n<div dir=\"auto\">\n<hr \/>\n<p><a href=\"https:\/\/www.nuoxutech.com\/stainless-steel-bellows\/\">Paslanmaz \u00c7elik K\u00f6r\u00fckler<\/a> hakk\u0131nda daha fazla bilgi i\u00e7in bizimle ileti\u015fime ge\u00e7in<\/p>\n<\/div>\n<div dir=\"auto\"><strong>Posta:<span style=\"color: #3366ff;\"><a style=\"color: #3366ff;\" href=\"mailto:contact@nuoxutech.com\">contact@nuoxutech.com<\/a><\/span><\/strong><\/div>\n<div dir=\"auto\"><strong>WhatsApp: <span style=\"color: #3366ff;\"><a style=\"color: #3366ff;\" href=\"https:\/\/wa.me\/message\/Z6LWLVZDXHWFD1\" rel=\"nofollow noopener\" target=\"_blank\">+86 13849062209<\/a><\/span><\/strong><\/div>\n<div dir=\"auto\">\n<div dir=\"auto\"><strong>Ekibimiz size profesyonel hizmet ve destek sa\u011flamak i\u00e7in haz\u0131r.<\/strong><\/div>\n<div dir=\"auto\">\n<hr \/>\n<h4 class=\"wp-block-heading\">Anahtar kelimeler<\/h4>\n<p>vakum sistemi,nuoxutech, vakum pompas\u0131, VakumSistemi, Paslanmaz \u00c7elik K\u00f6r\u00fck.<\/p>\n<\/div>\n<\/div>\n<\/div>\n<\/div>\n<\/div>\n","protected":false},"excerpt":{"rendered":"<p>Paslanmaz \u00c7elik K\u00f6r\u00fckler Paslanmaz \u00c7elik Esnek hortumlar ve Esnek k\u00f6r\u00fck ba\u011flant\u0131s\u0131<\/p>\n","protected":false},"featured_media":8173,"template":"","meta":{"_acf_changed":false,"site-sidebar-layout":"default","site-content-layout":"","ast-site-content-layout":"default","site-content-style":"default","site-sidebar-style":"default","ast-global-header-display":"","ast-banner-title-visibility":"","ast-main-header-display":"","ast-hfb-above-header-display":"","ast-hfb-below-header-display":"","ast-hfb-mobile-header-display":"","site-post-title":"","ast-breadcrumbs-content":"","ast-featured-img":"","footer-sml-layout":"","ast-disable-related-posts":"","theme-transparent-header-meta":"default","adv-header-id-meta":"","stick-header-meta":"default","header-above-stick-meta":"","header-main-stick-meta":"","header-below-stick-meta":"","astra-migrate-meta-layouts":"set","ast-page-background-enabled":"default","ast-page-background-meta":{"desktop":{"background-color":"","background-image":"","background-repeat":"repeat","background-position":"center center","background-size":"auto","background-attachment":"scroll","background-type":"","background-media":"","overlay-type":"","overlay-color":"","overlay-opacity":"","overlay-gradient":""},"tablet":{"background-color":"","background-image":"","background-repeat":"repeat","background-position":"center center","background-size":"auto","background-attachment":"scroll","background-type":"","background-media":"","overlay-type":"","overlay-color":"","overlay-opacity":"","overlay-gradient":""},"mobile":{"background-color":"","background-image":"","background-repeat":"repeat","background-position":"center center","background-size":"auto","background-attachment":"scroll","background-type":"","background-media":"","overlay-type":"","overlay-color":"","overlay-opacity":"","overlay-gradient":""}},"ast-content-background-meta":{"desktop":{"background-color":"var(--ast-global-color-5)","background-image":"","background-repeat":"repeat","background-position":"center center","background-size":"auto","background-attachment":"scroll","background-type":"","background-media":"","overlay-type":"","overlay-color":"","overlay-opacity":"","overlay-gradient":""},"tablet":{"background-color":"var(--ast-global-color-5)","background-image":"","background-repeat":"repeat","background-position":"center center","background-size":"auto","background-attachment":"scroll","background-type":"","background-media":"","overlay-type":"","overlay-color":"","overlay-opacity":"","overlay-gradient":""},"mobile":{"background-color":"var(--ast-global-color-5)","background-image":"","background-repeat":"repeat","background-position":"center center","background-size":"auto","background-attachment":"scroll","background-type":"","background-media":"","overlay-type":"","overlay-color":"","overlay-opacity":"","overlay-gradient":""}}},"product_brand":[],"product_cat":[231],"product_tag":[],"class_list":{"0":"post-9994","1":"product","2":"type-product","3":"status-publish","4":"has-post-thumbnail","6":"product_cat-vacuum-valves-and-spare-parts-tr","7":"desktop-align-left","8":"tablet-align-left","9":"mobile-align-left","10":"ast-product-gallery-layout-horizontal","11":"ast-magnify-disabled","13":"first","14":"instock","15":"shipping-taxable","16":"product-type-simple"},"acf":[],"_links":{"self":[{"href":"https:\/\/www.nuoxutech.com\/tr\/wp-json\/wp\/v2\/product\/9994","targetHints":{"allow":["GET"]}}],"collection":[{"href":"https:\/\/www.nuoxutech.com\/tr\/wp-json\/wp\/v2\/product"}],"about":[{"href":"https:\/\/www.nuoxutech.com\/tr\/wp-json\/wp\/v2\/types\/product"}],"version-history":[{"count":2,"href":"https:\/\/www.nuoxutech.com\/tr\/wp-json\/wp\/v2\/product\/9994\/revisions"}],"predecessor-version":[{"id":9996,"href":"https:\/\/www.nuoxutech.com\/tr\/wp-json\/wp\/v2\/product\/9994\/revisions\/9996"}],"wp:featuredmedia":[{"embeddable":true,"href":"https:\/\/www.nuoxutech.com\/tr\/wp-json\/wp\/v2\/media\/8173"}],"wp:attachment":[{"href":"https:\/\/www.nuoxutech.com\/tr\/wp-json\/wp\/v2\/media?parent=9994"}],"wp:term":[{"taxonomy":"product_brand","embeddable":true,"href":"https:\/\/www.nuoxutech.com\/tr\/wp-json\/wp\/v2\/product_brand?post=9994"},{"taxonomy":"product_cat","embeddable":true,"href":"https:\/\/www.nuoxutech.com\/tr\/wp-json\/wp\/v2\/product_cat?post=9994"},{"taxonomy":"product_tag","embeddable":true,"href":"https:\/\/www.nuoxutech.com\/tr\/wp-json\/wp\/v2\/product_tag?post=9994"}],"curies":[{"name":"wp","href":"https:\/\/api.w.org\/{rel}","templated":true}]}}